{"id":9,"date":"2026-04-24T06:21:22","date_gmt":"2026-04-24T06:21:22","guid":{"rendered":"https:\/\/isildurs-bane.se\/?page_id=9"},"modified":"2026-04-24T10:19:22","modified_gmt":"2026-04-24T10:19:22","slug":"hem-2","status":"publish","type":"page","link":"https:\/\/isildurs-bane.se\/","title":{"rendered":"Hem"},"content":{"rendered":"\n<div class=\"wp-block-cover alignfull\" style=\"min-height:100vh;aspect-ratio:unset;\"><img loading=\"lazy\" decoding=\"async\" width=\"1344\" height=\"768\" class=\"wp-block-cover__image-background wp-image-27\" alt=\"\" src=\"https:\/\/isildurs-bane.se\/wp-content\/uploads\/2026\/04\/isildurs-bane-hero_main.jpg\" data-object-fit=\"cover\" srcset=\"https:\/\/isildurs-bane.se\/wp-content\/uploads\/2026\/04\/isildurs-bane-hero_main.jpg 1344w, https:\/\/isildurs-bane.se\/wp-content\/uploads\/2026\/04\/isildurs-bane-hero_main-300x171.jpg 300w, https:\/\/isildurs-bane.se\/wp-content\/uploads\/2026\/04\/isildurs-bane-hero_main-1024x585.jpg 1024w, https:\/\/isildurs-bane.se\/wp-content\/uploads\/2026\/04\/isildurs-bane-hero_main-768x439.jpg 768w\" sizes=\"auto, (max-width: 1344px) 100vw, 1344px\" \/><span aria-hidden=\"true\" class=\"wp-block-cover__background has-background-dim\" style=\"background-color:#05091a\"><\/span><div class=\"wp-block-cover__inner-container is-layout-flow wp-block-cover-is-layout-flow\">\n<div class=\"wp-block-group has-global-padding is-layout-constrained wp-container-core-group-is-layout-eb6e3b87 wp-block-group-is-layout-constrained\" style=\"padding-top:6rem;padding-right:2rem;padding-bottom:6rem;padding-left:2rem\">\n<p class=\"has-text-color\" style=\"color:#d4af37;font-size:0.85rem;letter-spacing:0.25em\"><\/p>\n\n\n\n<h1 class=\"wp-block-heading has-text-color\" style=\"color:#ffffff;font-size:clamp(2.5rem,7vw,5.5rem);font-weight:900;letter-spacing:-0.02em;line-height:1.05\">Isildurs Bane<\/h1>\n\n\n\n<p class=\"has-text-color\" style=\"color:#e8edf5;font-size:clamp(0.875rem, 0.875rem + ((1vw - 0.2rem) * 0.625), 1.25rem);line-height:1.8\"><\/p>\n\n\n\n<div class=\"wp-block-buttons is-layout-flex wp-block-buttons-is-layout-flex\" style=\"margin-top:2.5rem\">\n<div class=\"wp-block-button is-style-fill\"><a class=\"wp-block-button__link has-text-color has-background wp-element-button\" href=\"\/?page_id=12\" style=\"color:#05091a;background-color:#d4af37\">L\u00e4s senaste artiklarna<\/a><\/div>\n\n\n\n<div class=\"wp-block-button is-style-outline is-style-outline--1\"><a class=\"wp-block-button__link has-text-color wp-element-button\" href=\"\/?page_id=10\" style=\"color:#ffffff\">Om Isildurs Bane<\/a><\/div>\n<\/div>\n<\/div>\n<\/div><\/div>\n\n\n\n<div class=\"wp-block-group alignfull has-background has-global-padding is-layout-constrained wp-container-core-group-is-layout-6c17eccb wp-block-group-is-layout-constrained\" style=\"background-color:#0e1628;margin-top:0;margin-bottom:0;padding-top:5rem;padding-right:2rem;padding-bottom:5rem;padding-left:2rem\">\n<h2 class=\"wp-block-heading has-text-color\" style=\"color:#f0ead6;font-size:clamp(1.25rem, 1.25rem + ((1vw - 0.2rem) * 1.25), 2rem);font-weight:900\">Senaste fr\u00e5n ringen<\/h2>\n\n\n<ul style=\"padding-top:0;padding-bottom:0;padding-left:0;padding-right:0;\" class=\"wp-block-latest-posts__list is-grid columns-3 has-link-color wp-elements-d6ff2c96a353a1537979c91eb8e0a10c wp-block-latest-posts has-text-color has-accent-5-color\"><li><div class=\"wp-block-latest-posts__featured-image\"><a href=\"https:\/\/isildurs-bane.se\/?p=15\" aria-label=\"S\u00e5 granskar du en webbsajt \u2014 checklistan som sparar dig fr\u00e5n bluff\"><img loading=\"lazy\" decoding=\"async\" width=\"1024\" height=\"1024\" src=\"https:\/\/isildurs-bane.se\/wp-content\/uploads\/2026\/04\/isildurs-bane-article_checklist.jpg\" class=\"attachment-large size-large wp-post-image\" alt=\"Person analyzing website on laptop screen, digital magnifying glass concept, cybersecurity and fact-\" style=\"max-width:512px;max-height:512px;\" srcset=\"https:\/\/isildurs-bane.se\/wp-content\/uploads\/2026\/04\/isildurs-bane-article_checklist.jpg 1024w, https:\/\/isildurs-bane.se\/wp-content\/uploads\/2026\/04\/isildurs-bane-article_checklist-300x300.jpg 300w, https:\/\/isildurs-bane.se\/wp-content\/uploads\/2026\/04\/isildurs-bane-article_checklist-150x150.jpg 150w, https:\/\/isildurs-bane.se\/wp-content\/uploads\/2026\/04\/isildurs-bane-article_checklist-768x768.jpg 768w\" sizes=\"auto, (max-width: 1024px) 100vw, 1024px\" \/><\/a><\/div><a class=\"wp-block-latest-posts__post-title\" href=\"https:\/\/isildurs-bane.se\/?p=15\">S\u00e5 granskar du en webbsajt \u2014 checklistan som sparar dig fr\u00e5n bluff<\/a><div class=\"wp-block-latest-posts__post-excerpt\">Internet \u00e4r fullt av sajter som ser trov\u00e4rdiga ut men inte \u00e4r det. H\u00e4r \u00e4r de tio fr\u00e5gorna du alltid b\u00f6r st\u00e4lla.<\/div><\/li>\n<li><div class=\"wp-block-latest-posts__featured-image\"><a href=\"https:\/\/isildurs-bane.se\/?p=14\" aria-label=\"Bostadsmarknaden 2026: har bottnen n\u00e5tts?\"><img loading=\"lazy\" decoding=\"async\" width=\"1024\" height=\"1024\" src=\"https:\/\/isildurs-bane.se\/wp-content\/uploads\/2026\/04\/isildurs-bane-article_housing.jpg\" class=\"attachment-large size-large wp-post-image\" alt=\"Swedish apartment buildings and housing in Stockholm, aerial view at dusk, urban residential area, r\" style=\"max-width:512px;max-height:512px;\" srcset=\"https:\/\/isildurs-bane.se\/wp-content\/uploads\/2026\/04\/isildurs-bane-article_housing.jpg 1024w, https:\/\/isildurs-bane.se\/wp-content\/uploads\/2026\/04\/isildurs-bane-article_housing-300x300.jpg 300w, https:\/\/isildurs-bane.se\/wp-content\/uploads\/2026\/04\/isildurs-bane-article_housing-150x150.jpg 150w, https:\/\/isildurs-bane.se\/wp-content\/uploads\/2026\/04\/isildurs-bane-article_housing-768x768.jpg 768w\" sizes=\"auto, (max-width: 1024px) 100vw, 1024px\" \/><\/a><\/div><a class=\"wp-block-latest-posts__post-title\" href=\"https:\/\/isildurs-bane.se\/?p=14\">Bostadsmarknaden 2026: har bottnen n\u00e5tts?<\/a><div class=\"wp-block-latest-posts__post-excerpt\">Efter \u00e5r av nedg\u00e5ng visar prisstatistiken svaga tecken p\u00e5 stabilisering. Men det \u00e4r f\u00f6r tidigt att ropa hej.<\/div><\/li>\n<li><div class=\"wp-block-latest-posts__featured-image\"><a href=\"https:\/\/isildurs-bane.se\/?p=13\" aria-label=\"Sverige och AI-boomen: m\u00f6jlighet eller hot mot jobben?\"><img loading=\"lazy\" decoding=\"async\" width=\"1024\" height=\"1024\" src=\"https:\/\/isildurs-bane.se\/wp-content\/uploads\/2026\/04\/isildurs-bane-article_ai.jpg\" class=\"attachment-large size-large wp-post-image\" alt=\"Abstract visualization of artificial intelligence and Swedish labor market, workers and robots coexi\" style=\"max-width:512px;max-height:512px;\" srcset=\"https:\/\/isildurs-bane.se\/wp-content\/uploads\/2026\/04\/isildurs-bane-article_ai.jpg 1024w, https:\/\/isildurs-bane.se\/wp-content\/uploads\/2026\/04\/isildurs-bane-article_ai-300x300.jpg 300w, https:\/\/isildurs-bane.se\/wp-content\/uploads\/2026\/04\/isildurs-bane-article_ai-150x150.jpg 150w, https:\/\/isildurs-bane.se\/wp-content\/uploads\/2026\/04\/isildurs-bane-article_ai-768x768.jpg 768w\" sizes=\"auto, (max-width: 1024px) 100vw, 1024px\" \/><\/a><\/div><a class=\"wp-block-latest-posts__post-title\" href=\"https:\/\/isildurs-bane.se\/?p=13\">Sverige och AI-boomen: m\u00f6jlighet eller hot mot jobben?<\/a><div class=\"wp-block-latest-posts__post-excerpt\">Artificiell intelligens omformar arbetsmarknaden i rekordfart. Vi reder ut vad det faktiskt inneb\u00e4r f\u00f6r svenska l\u00f6ntagare.<\/div><\/li>\n<\/ul><\/div>\n\n\n\n<div class=\"wp-block-group alignfull has-background has-global-padding is-layout-constrained wp-container-core-group-is-layout-6ef57102 wp-block-group-is-layout-constrained\" style=\"background-color:#f7f4ee;margin-top:0;margin-bottom:0;padding-top:6rem;padding-right:2rem;padding-bottom:6rem;padding-left:2rem\">\n<div class=\"wp-block-columns are-vertically-aligned-center is-layout-flex wp-container-core-columns-is-layout-91f97506 wp-block-columns-is-layout-flex\">\n<div class=\"wp-block-column is-layout-flow wp-block-column-is-layout-flow\" style=\"flex-basis:55%\">\n<h2 class=\"wp-block-heading has-text-color\" style=\"color:#05091a;font-size:clamp(1.8rem,3.5vw,2.8rem);font-weight:900\">Varf\u00f6r Isildurs Bane?<\/h2>\n\n\n\n<p class=\"has-text-color\" style=\"color:#3d4a5c;font-size:clamp(0.875rem, 0.875rem + ((1vw - 0.2rem) * 0.375), 1.1rem);line-height:1.9\">I Tolkiens v\u00e4rld bar Isildur p\u00e5 en bana: viljan att h\u00e5lla kvar det han borde ge upp. Ringen \u2014 maktsymbolen \u2014 var hans underg\u00e5ng.<\/p>\n\n\n\n<p class=\"has-text-color\" style=\"color:#3d4a5c;font-size:clamp(0.875rem, 0.875rem + ((1vw - 0.2rem) * 0.375), 1.1rem);line-height:1.9\">Vi ser samma sak varje dag. <strong>Isildurs Bane \u00e4r p\u00e5minnelsen om att makten alltid avsl\u00f6jar sig<\/strong>.<\/p>\n\n\n\n<div class=\"wp-block-buttons is-layout-flex wp-block-buttons-is-layout-flex\" style=\"margin-top:2rem\">\n<div class=\"wp-block-button is-style-fill\"><a class=\"wp-block-button__link has-text-color has-background wp-element-button\" href=\"\/?page_id=10\" style=\"color:#05091a;background-color:#d4af37\">L\u00e4s om oss<\/a><\/div>\n<\/div>\n<\/div>\n\n\n\n<div class=\"wp-block-column is-layout-flow wp-block-column-is-layout-flow\" style=\"flex-basis:45%\">\n<figure class=\"wp-block-image size-large has-custom-border\"><img loading=\"lazy\" decoding=\"async\" width=\"1344\" height=\"768\" src=\"https:\/\/isildurs-bane.se\/wp-content\/uploads\/2026\/04\/isildurs-bane-hero_ring.jpg\" alt=\"Ringen\" class=\"wp-image-28\" style=\"border-radius:8px\" srcset=\"https:\/\/isildurs-bane.se\/wp-content\/uploads\/2026\/04\/isildurs-bane-hero_ring.jpg 1344w, https:\/\/isildurs-bane.se\/wp-content\/uploads\/2026\/04\/isildurs-bane-hero_ring-300x171.jpg 300w, https:\/\/isildurs-bane.se\/wp-content\/uploads\/2026\/04\/isildurs-bane-hero_ring-1024x585.jpg 1024w, https:\/\/isildurs-bane.se\/wp-content\/uploads\/2026\/04\/isildurs-bane-hero_ring-768x439.jpg 768w\" sizes=\"auto, (max-width: 1344px) 100vw, 1344px\" \/><\/figure>\n<\/div>\n<\/div>\n<\/div>\n","protected":false},"excerpt":{"rendered":"<p>Senaste fr\u00e5n ringen Varf\u00f6r Isildurs Bane? I Tolkiens v\u00e4rld bar Isildur p\u00e5 en bana: viljan att h\u00e5lla kvar det han borde ge upp. Ringen \u2014 maktsymbolen \u2014 var hans underg\u00e5ng. Vi ser samma sak varje dag. Isildurs Bane \u00e4r p\u00e5minnelsen om att makten alltid avsl\u00f6jar sig.<\/p>\n","protected":false},"author":2,"featured_media":0,"parent":0,"menu_order":0,"comment_status":"closed","ping_status":"closed","template":"page-no-title","meta":{"footnotes":""},"class_list":["post-9","page","type-page","status-publish","hentry"],"_links":{"self":[{"href":"https:\/\/isildurs-bane.se\/index.php?rest_route=\/wp\/v2\/pages\/9","targetHints":{"allow":["GET"]}}],"collection":[{"href":"https:\/\/isildurs-bane.se\/index.php?rest_route=\/wp\/v2\/pages"}],"about":[{"href":"https:\/\/isildurs-bane.se\/index.php?rest_route=\/wp\/v2\/types\/page"}],"author":[{"embeddable":true,"href":"https:\/\/isildurs-bane.se\/index.php?rest_route=\/wp\/v2\/users\/2"}],"replies":[{"embeddable":true,"href":"https:\/\/isildurs-bane.se\/index.php?rest_route=%2Fwp%2Fv2%2Fcomments&post=9"}],"version-history":[{"count":7,"href":"https:\/\/isildurs-bane.se\/index.php?rest_route=\/wp\/v2\/pages\/9\/revisions"}],"predecessor-version":[{"id":80,"href":"https:\/\/isildurs-bane.se\/index.php?rest_route=\/wp\/v2\/pages\/9\/revisions\/80"}],"wp:attachment":[{"href":"https:\/\/isildurs-bane.se\/index.php?rest_route=%2Fwp%2Fv2%2Fmedia&parent=9"}],"curies":[{"name":"wp","href":"https:\/\/api.w.org\/{rel}","templated":true}]}}